{"id":6270,"date":"2021-03-22T12:37:56","date_gmt":"2021-03-22T15:37:56","guid":{"rendered":"https:\/\/Itapua.uy\/es\/?page_id=6270"},"modified":"2022-04-10T23:14:45","modified_gmt":"2022-04-11T02:14:45","slug":"nuestros-servicios","status":"publish","type":"page","link":"https:\/\/itapua.com.uy\/es\/index.php\/nuestros-servicios\/","title":{"rendered":"Nuestros Servicios"},"content":{"rendered":"<div data-colibri-id=\"6270-c1\" class=\"style-3971 style-local-6270-c1 position-relative\">\n  <!---->\n  <div data-colibri-component=\"section\" data-colibri-id=\"6270-c2\" id=\"features-2\" class=\"h-section h-section-global-spacing d-flex align-items-lg-center align-items-md-center align-items-center style-3972 style-local-6270-c2 position-relative\">\n    <!---->\n    <!---->\n    <div class=\"h-section-grid-container h-section-boxed-container\">\n      <!---->\n      <div data-colibri-id=\"6270-c3\" class=\"h-row-container gutters-row-lg-1 gutters-row-md-1 gutters-row-0 gutters-row-v-lg-1 gutters-row-v-md-1 gutters-row-v-1 style-3973 style-local-6270-c3 position-relative\">\n        <!---->\n        <div class=\"h-row justify-content-lg-center justify-content-md-center justify-content-center align-items-lg-stretch align-items-md-stretch align-items-stretch gutters-col-lg-1 gutters-col-md-1 gutters-col-0 gutters-col-v-lg-1 gutters-col-v-md-1 gutters-col-v-1\">\n          <!---->\n          <div class=\"h-column h-column-container d-flex h-col-lg-auto h-col-md-auto h-col-auto style-3974-outer style-local-6270-c4-outer\">\n            <div data-colibri-id=\"6270-c4\" class=\"d-flex h-flex-basis h-column__inner h-px-lg-2 h-px-md-2 h-px-2 v-inner-lg-2 v-inner-md-2 v-inner-2 style-3974 style-local-6270-c4 position-relative\">\n              <!---->\n              <!---->\n              <div class=\"w-100 h-y-container h-column__content h-column__v-align flex-basis-100 align-self-lg-start align-self-md-start align-self-start\">\n                <!---->\n                <div data-colibri-id=\"6270-c5\" class=\"h-global-transition-all h-heading style-3975 style-local-6270-c5 position-relative h-element\">\n                  <!---->\n                  <div class=\"h-heading__outer style-3975 style-local-6270-c5\">\n                    <!---->\n                    <!---->\n                    <h3 class=\"\"><span style=\"font-family: &quot;Roboto Condensed&quot;; color: rgb(121, 19, 24); font-weight: 400;\">Nuestros <\/span><strong style=\"font-family: &quot;Roboto Condensed&quot;; color: rgb(121, 19, 24); font-weight: 700;\">Servicios<\/strong><\/h3>\n                  <\/div>\n                <\/div>\n              <\/div>\n            <\/div>\n          <\/div>\n        <\/div>\n      <\/div>\n      <div data-colibri-id=\"6270-c6\" class=\"h-row-container gutters-row-lg-2 gutters-row-md-2 gutters-row-2 gutters-row-v-lg-2 gutters-row-v-md-2 gutters-row-v-2 style-3976 style-local-6270-c6 position-relative\">\n        <!---->\n        <div class=\"h-row justify-content-lg-center justify-content-md-center justify-content-center align-items-lg-stretch align-items-md-stretch align-items-stretch gutters-col-lg-2 gutters-col-md-2 gutters-col-2 gutters-col-v-lg-2 gutters-col-v-md-2 gutters-col-v-2\">\n          <!---->\n          <div class=\"h-column h-column-container d-flex h-col-lg-3 h-col-md-6 h-col-12 style-3977-outer style-local-6270-c7-outer\">\n            <div data-colibri-id=\"6270-c7\" class=\"d-flex h-flex-basis h-column__inner h-px-lg-0 h-px-md-0 h-px-0 v-inner-lg-0 v-inner-md-0 v-inner-0 style-3977 style-local-6270-c7 position-relative\">\n              <!---->\n              <!---->\n              <div class=\"w-100 h-y-container h-column__content h-column__v-align flex-basis-100 align-self-lg-start align-self-md-start align-self-start\">\n                <!---->\n                <div data-colibri-id=\"6270-c8\" class=\"d-block style-3978 style-local-6270-c8 position-relative h-element\">\n                  <!---->\n                  <div class=\"h-image__frame-container-outer\">\n                    <div class=\"h-image__frame-container\">\n                      <!---->\n                      <!---->\n                      <img loading=\"lazy\" decoding=\"async\" width=\"500\" height=\"500\" src=\"https:\/\/Itapua.uy\/es\/wp-content\/uploads\/2021\/03\/Server.gif\" class=\"wp-image-4556 style-3978-image style-local-6270-c8-image\" alt=\"\" \/>\n                      <div class=\"h-image__frame h-hide-lg h-hide-md h-hide-sm style-3978-frameImage style-local-6270-c8-frameImage\"><\/div>\n                    <\/div>\n                  <\/div>\n                <\/div>\n                <div data-colibri-id=\"6270-c9\" class=\"h-row-container gutters-row-lg-0 gutters-row-md-0 gutters-row-2 gutters-row-v-lg-0 gutters-row-v-md-0 gutters-row-v-2 style-3979 style-local-6270-c9 position-relative\">\n                  <!---->\n                  <div class=\"h-row justify-content-lg-center justify-content-md-center justify-content-center align-items-lg-stretch align-items-md-stretch align-items-stretch gutters-col-lg-0 gutters-col-md-0 gutters-col-2 gutters-col-v-lg-0 gutters-col-v-md-0 gutters-col-v-2\">\n                    <!---->\n                    <div class=\"h-column h-column-container d-flex h-col-lg-auto h-col-md-auto h-col-auto style-3980-outer style-local-6270-c10-outer\">\n                      <div data-colibri-id=\"6270-c10\" class=\"d-flex h-flex-basis h-column__inner h-px-lg-2 h-px-md-3 h-px-2 v-inner-lg-2 v-inner-md-3 v-inner-2 style-3980 style-local-6270-c10 position-relative\">\n                        <!---->\n                        <!---->\n                        <div class=\"w-100 h-y-container h-column__content h-column__v-align flex-basis-100 align-self-lg-start align-self-md-start align-self-start\">\n                          <!---->\n                          <div data-colibri-id=\"6270-c11\" class=\"h-global-transition-all h-heading style-3981 style-local-6270-c11 position-relative h-element\">\n                            <!---->\n                            <div class=\"h-heading__outer style-3981 style-local-6270-c11\">\n                              <!---->\n                              <!---->\n                              <h5 class=\"\"><span style=\"font-family: &quot;Roboto Condensed&quot;; color: rgb(121, 19, 24); font-weight: 700;\">ADMINISTRACION DE BASES DE DATOS<\/span><\/h5>\n                            <\/div>\n                          <\/div>\n                          <div data-colibri-id=\"6270-c12\" class=\"h-text h-text-component style-3982 style-local-6270-c12 position-relative h-element\">\n                            <!---->\n                            <!---->\n                            <div class=\"\">\n                              <p><span style=\"font-family: &quot;Roboto Condensed&quot;; color: rgb(0, 0, 0);\">Administramos bases de datos de m\u00faltiples tecnolog\u00edas, tama\u00f1os y pa\u00edses, con atenci\u00f3n&nbsp;<\/span><strong style=\"font-family: &quot;Roboto Condensed&quot;; color: rgb(121, 19, 24); font-weight: 700;\">7x24x365<\/strong>\n                                <span\n                                  style=\"font-family: &quot;Roboto Condensed&quot;; color: rgb(0, 0, 0);\">, potenciada mediante mantenimiento preventivo y monitoreo automatizado con<\/span><strong style=\"font-family: &quot;Roboto Condensed&quot;; color: rgb(121, 19, 24); font-weight: 700;\"> Itap\u00faa DB Studio\ufeff<\/strong>\u00ae<\/p>\n                            <\/div>\n                          <\/div>\n                        <\/div>\n                      <\/div>\n                    <\/div>\n                  <\/div>\n                <\/div>\n                <div data-colibri-id=\"6270-c13\" class=\"h-x-container style-3983 style-local-6270-c13 position-relative h-element\">\n                  <!---->\n                  <div class=\"h-x-container-inner style-dynamic-6270-c13-group style-3983-spacing style-local-6270-c13-spacing\"><span class=\"h-button__outer style-3849-outer style-local-6270-c14-outer d-inline-flex h-element\"><a h-use-smooth-scroll=\"true\" href=\"https:\/\/Itapua.uy\/es\/index.php\/servicios-administracion\/\"  data-colibri-id=\"6270-c14\" class=\"d-flex w-100 align-items-center h-button justify-content-lg-center justify-content-md-center justify-content-center style-3849 style-local-6270-c14 position-relative\"><!----><!----> <span>LEER M\u00e1s<\/span><\/a>\n                    <\/span>\n                  <\/div>\n                <\/div>\n              <\/div>\n            <\/div>\n          <\/div>\n          <div class=\"h-column h-column-container d-flex h-col-lg-3 h-col-md-6 h-col-12 style-3977-outer style-local-6270-c15-outer\">\n            <div data-colibri-id=\"6270-c15\" class=\"d-flex h-flex-basis h-column__inner h-px-lg-0 h-px-md-0 h-px-0 v-inner-lg-0 v-inner-md-0 v-inner-0 style-3977 style-local-6270-c15 position-relative\">\n              <!---->\n              <!---->\n              <div class=\"w-100 h-y-container h-column__content h-column__v-align flex-basis-100 align-self-lg-start align-self-md-start align-self-start\">\n                <!---->\n                <div data-colibri-id=\"6270-c16\" class=\"d-block style-3978 style-local-6270-c16 position-relative h-element\">\n                  <!---->\n                  <div class=\"h-image__frame-container-outer\">\n                    <div class=\"h-image__frame-container\">\n                      <!---->\n                      <!---->\n                      <img loading=\"lazy\" decoding=\"async\" width=\"500\" height=\"500\" src=\"https:\/\/Itapua.uy\/es\/wp-content\/uploads\/2021\/03\/Analyze.gif\" class=\"wp-image-4549 style-3978-image style-local-6270-c16-image\" alt=\"\" \/>\n                      <div class=\"h-image__frame h-hide-lg h-hide-md h-hide-sm style-3978-frameImage style-local-6270-c16-frameImage\"><\/div>\n                    <\/div>\n                  <\/div>\n                <\/div>\n                <div data-colibri-id=\"6270-c17\" class=\"h-row-container gutters-row-lg-0 gutters-row-md-0 gutters-row-2 gutters-row-v-lg-0 gutters-row-v-md-0 gutters-row-v-2 style-3979 style-local-6270-c17 position-relative\">\n                  <!---->\n                  <div class=\"h-row justify-content-lg-center justify-content-md-center justify-content-center align-items-lg-stretch align-items-md-stretch align-items-stretch gutters-col-lg-0 gutters-col-md-0 gutters-col-2 gutters-col-v-lg-0 gutters-col-v-md-0 gutters-col-v-2\">\n                    <!---->\n                    <div class=\"h-column h-column-container d-flex h-col-lg-auto h-col-md-auto h-col-auto style-3980-outer style-local-6270-c18-outer\">\n                      <div data-colibri-id=\"6270-c18\" class=\"d-flex h-flex-basis h-column__inner h-px-lg-2 h-px-md-3 h-px-2 v-inner-lg-2 v-inner-md-3 v-inner-2 style-3980 style-local-6270-c18 position-relative\">\n                        <!---->\n                        <!---->\n                        <div class=\"w-100 h-y-container h-column__content h-column__v-align flex-basis-100 align-self-lg-start align-self-md-start align-self-start\">\n                          <!---->\n                          <div data-colibri-id=\"6270-c19\" class=\"h-global-transition-all h-heading style-3981 style-local-6270-c19 position-relative h-element\">\n                            <!---->\n                            <div class=\"h-heading__outer style-3981 style-local-6270-c19\">\n                              <!---->\n                              <!---->\n                              <h5 class=\"\"><span style=\"color: rgb(121, 19, 24); font-family: &quot;Roboto Condensed&quot;; font-weight: 700;\">ANAL\u00cdTICA DE NEGOCIOS<\/span><\/h5>\n                            <\/div>\n                          <\/div>\n                          <div data-colibri-id=\"6270-c20\" class=\"h-text h-text-component style-3982 style-local-6270-c20 position-relative h-element\">\n                            <!---->\n                            <!---->\n                            <div class=\"\">\n                              <p><span style=\"font-family: &quot;Roboto Condensed&quot;; color: rgb(0, 0, 0);\">Conformamos equipos multidisciplinarios, \u00e1giles y altamente especializados que le ayudar\u00e1n a <\/span><strong style=\"font-family: &quot;Roboto Condensed&quot;; color: rgb(121, 19, 24); font-weight: 700;\">tercerizar sus procesos anal\u00edticos<\/strong>\n                                <span\n                                  style=\"font-family: &quot;Roboto Condensed&quot;; color: rgb(0, 0, 0);\"> en forma r\u00e1pida y personalizada, aportando<\/span><strong style=\"font-family: &quot;Roboto Condensed&quot;; color: rgb(121, 19, 24); font-weight: 700;\"> valor a sus datos<\/strong><span style=\"font-family: &quot;Roboto Condensed&quot;; color: rgb(0, 0, 0);\"> y permiti\u00e9ndole enfocarse en la direcci\u00f3n estrat\u00e9gica, pudiendo apoyarse en&nbsp;<\/span>\n                                  <strong\n                                    style=\"font-family: &quot;Roboto Condensed&quot;; color: rgb(121, 19, 24); font-weight: 700; font-size: 16px;\">Itap\u00faa BI Studio<\/strong><span style=\"font-family: &quot;Roboto Condensed&quot;; color: rgb(0, 0, 0); font-weight: 400; font-size: 16px;\">\u00ae para acelerar y perfeccionar los resultados.<\/span><\/p>\n                            <\/div>\n                          <\/div>\n                        <\/div>\n                      <\/div>\n                    <\/div>\n                  <\/div>\n                <\/div>\n                <div data-colibri-id=\"6270-c21\" class=\"h-x-container style-3985 style-local-6270-c21 position-relative h-element\">\n                  <!---->\n                  <div class=\"h-x-container-inner style-dynamic-6270-c21-group style-3985-spacing style-local-6270-c21-spacing\"><span class=\"h-button__outer style-3849-outer style-local-6270-c22-outer d-inline-flex h-element\"><a h-use-smooth-scroll=\"true\" href=\"https:\/\/Itapua.uy\/es\/index.php\/analitica-de-negocio\/\"  data-colibri-id=\"6270-c22\" class=\"d-flex w-100 align-items-center h-button justify-content-lg-center justify-content-md-center justify-content-center style-3849 style-local-6270-c22 position-relative\"><!----><!----> <span>LEER M\u00e1s<\/span><\/a>\n                    <\/span>\n                  <\/div>\n                <\/div>\n              <\/div>\n            <\/div>\n          <\/div>\n          <div class=\"h-column h-column-container d-flex h-col-lg-3 h-col-md-6 h-col-12 style-3977-outer style-local-6270-c23-outer\">\n            <div data-colibri-id=\"6270-c23\" class=\"d-flex h-flex-basis h-column__inner h-px-lg-0 h-px-md-0 h-px-0 v-inner-lg-0 v-inner-md-0 v-inner-0 style-3977 style-local-6270-c23 position-relative\">\n              <!---->\n              <!---->\n              <div class=\"w-100 h-y-container h-column__content h-column__v-align flex-basis-100 align-self-lg-start align-self-md-start align-self-start\">\n                <!---->\n                <div data-colibri-id=\"6270-c24\" class=\"d-block style-3978 style-local-6270-c24 position-relative h-element\">\n                  <!---->\n                  <div class=\"h-image__frame-container-outer\">\n                    <div class=\"h-image__frame-container\">\n                      <!---->\n                      <!---->\n                      <img loading=\"lazy\" decoding=\"async\" width=\"500\" height=\"500\" src=\"https:\/\/Itapua.uy\/es\/wp-content\/uploads\/2021\/03\/Live-collaboration.gif\" class=\"wp-image-4594 style-3978-image style-local-6270-c24-image\" alt=\"\" \/>\n                      <div class=\"h-image__frame h-hide-lg h-hide-md h-hide-sm style-3978-frameImage style-local-6270-c24-frameImage\"><\/div>\n                    <\/div>\n                  <\/div>\n                <\/div>\n                <div data-colibri-id=\"6270-c25\" class=\"h-row-container gutters-row-lg-0 gutters-row-md-0 gutters-row-2 gutters-row-v-lg-0 gutters-row-v-md-0 gutters-row-v-2 style-3979 style-local-6270-c25 position-relative\">\n                  <!---->\n                  <div class=\"h-row justify-content-lg-center justify-content-md-center justify-content-center align-items-lg-stretch align-items-md-stretch align-items-stretch gutters-col-lg-0 gutters-col-md-0 gutters-col-2 gutters-col-v-lg-0 gutters-col-v-md-0 gutters-col-v-2\">\n                    <!---->\n                    <div class=\"h-column h-column-container d-flex h-col-lg-auto h-col-md-auto h-col-auto style-3980-outer style-local-6270-c26-outer\">\n                      <div data-colibri-id=\"6270-c26\" class=\"d-flex h-flex-basis h-column__inner h-px-lg-2 h-px-md-3 h-px-2 v-inner-lg-2 v-inner-md-3 v-inner-2 style-3980 style-local-6270-c26 position-relative\">\n                        <!---->\n                        <!---->\n                        <div class=\"w-100 h-y-container h-column__content h-column__v-align flex-basis-100 align-self-lg-start align-self-md-start align-self-start\">\n                          <!---->\n                          <div data-colibri-id=\"6270-c27\" class=\"h-global-transition-all h-heading style-3981 style-local-6270-c27 position-relative h-element\">\n                            <!---->\n                            <div class=\"h-heading__outer style-3981 style-local-6270-c27\">\n                              <!---->\n                              <!---->\n                              <h5 class=\"\"><span style=\"font-family: &quot;Roboto Condensed&quot;; color: rgb(121, 19, 24); font-weight: 700;\">PROYECTOS DE SOFTWARE<\/span><\/h5>\n                            <\/div>\n                          <\/div>\n                          <div data-colibri-id=\"6270-c28\" class=\"h-text h-text-component style-3982 style-local-6270-c28 position-relative h-element\">\n                            <!---->\n                            <!---->\n                            <div class=\"\">\n                              <p>Convertimos sus ideas en <strong style=\"font-weight: 700; color: rgb(121, 19, 24);\">software de efectivo, confiable y de alta calidad<\/strong>, por medio de la constituci\u00f3n y\/o integraci\u00f3n de equipos de <strong style=\"color: rgb(121, 19, 24); font-weight: 700;\">excelentes&nbsp;<\/strong>\n                                <strong\n                                  style=\"color: rgb(121, 19, 24); font-weight: 700; font-size: 16px; font-family: &quot;Roboto Condensed&quot;;\">profesionales de IT<\/strong><span style=\"color: rgb(0, 0, 0); font-weight: 400; font-size: 16px; font-family: &quot;Roboto Condensed&quot;;\"> capacitados en gesti\u00f3n de proyectos, an\u00e1lisis de negocios y desarrollo de sistemas de informaci\u00f3n, utilizando&nbsp;<\/span>metodolog\u00edas\n                                  \u00e1giles y una amplia&nbsp;variedad de tecnolog\u00edas<\/p>\n                            <\/div>\n                          <\/div>\n                        <\/div>\n                      <\/div>\n                    <\/div>\n                  <\/div>\n                <\/div>\n                <div data-colibri-id=\"6270-c29\" class=\"h-x-container style-3986 style-local-6270-c29 position-relative h-element\">\n                  <!---->\n                  <div class=\"h-x-container-inner style-dynamic-6270-c29-group style-3986-spacing style-local-6270-c29-spacing\"><span class=\"h-button__outer style-3849-outer style-local-6270-c30-outer d-inline-flex h-element\"><a h-use-smooth-scroll=\"true\" href=\"https:\/\/Itapua.uy\/es\/index.php\/servicios-de-proyecto\/\"  data-colibri-id=\"6270-c30\" class=\"d-flex w-100 align-items-center h-button justify-content-lg-center justify-content-md-center justify-content-center style-3849 style-local-6270-c30 position-relative\"><!----><!----> <span>LEER M\u00e1s<\/span><\/a>\n                    <\/span>\n                  <\/div>\n                <\/div>\n              <\/div>\n            <\/div>\n          <\/div>\n          <div class=\"h-column h-column-container d-flex h-col-lg-3 h-col-md-6 h-col-12 style-3977-outer style-local-6270-c31-outer\">\n            <div data-colibri-id=\"6270-c31\" class=\"d-flex h-flex-basis h-column__inner h-px-lg-0 h-px-md-0 h-px-0 v-inner-lg-0 v-inner-md-0 v-inner-0 style-3977 style-local-6270-c31 position-relative\">\n              <!---->\n              <!---->\n              <div class=\"w-100 h-y-container h-column__content h-column__v-align flex-basis-100 align-self-lg-start align-self-md-start align-self-start\">\n                <!---->\n                <div data-colibri-id=\"6270-c32\" class=\"d-block style-3978 style-local-6270-c32 position-relative h-element\">\n                  <!---->\n                  <div class=\"h-image__frame-container-outer\">\n                    <div class=\"h-image__frame-container\">\n                      <!---->\n                      <!---->\n                      <img loading=\"lazy\" decoding=\"async\" width=\"500\" height=\"500\" src=\"https:\/\/Itapua.uy\/es\/wp-content\/uploads\/2021\/03\/Learning-languages.gif\" class=\"wp-image-4841 style-3978-image style-local-6270-c32-image\" alt=\"\" \/>\n                      <div class=\"h-image__frame h-hide-lg h-hide-md h-hide-sm style-3978-frameImage style-local-6270-c32-frameImage\"><\/div>\n                    <\/div>\n                  <\/div>\n                <\/div>\n                <div data-colibri-id=\"6270-c33\" class=\"h-row-container gutters-row-lg-0 gutters-row-md-0 gutters-row-2 gutters-row-v-lg-0 gutters-row-v-md-0 gutters-row-v-2 style-3979 style-local-6270-c33 position-relative\">\n                  <!---->\n                  <div class=\"h-row justify-content-lg-center justify-content-md-center justify-content-center align-items-lg-stretch align-items-md-stretch align-items-stretch gutters-col-lg-0 gutters-col-md-0 gutters-col-2 gutters-col-v-lg-0 gutters-col-v-md-0 gutters-col-v-2\">\n                    <!---->\n                    <div class=\"h-column h-column-container d-flex h-col-lg-auto h-col-md-auto h-col-auto style-3980-outer style-local-6270-c34-outer\">\n                      <div data-colibri-id=\"6270-c34\" class=\"d-flex h-flex-basis h-column__inner h-px-lg-2 h-px-md-3 h-px-2 v-inner-lg-2 v-inner-md-3 v-inner-2 style-3980 style-local-6270-c34 position-relative\">\n                        <!---->\n                        <!---->\n                        <div class=\"w-100 h-y-container h-column__content h-column__v-align flex-basis-100 align-self-lg-start align-self-md-start align-self-start\">\n                          <!---->\n                          <div data-colibri-id=\"6270-c35\" class=\"h-global-transition-all h-heading style-3981 style-local-6270-c35 position-relative h-element\">\n                            <!---->\n                            <div class=\"h-heading__outer style-3981 style-local-6270-c35\">\n                              <!---->\n                              <!---->\n                              <h5 class=\"\"><strong style=\"color: rgb(248, 110, 0); font-family: &quot;Roboto Condensed&quot;; font-weight: 700;\">ITAP\u00daA ACADEMY<\/strong><\/h5>\n                            <\/div>\n                          <\/div>\n                          <div data-colibri-id=\"6270-c36\" class=\"h-text h-text-component style-3982 style-local-6270-c36 position-relative h-element\">\n                            <!---->\n                            <!---->\n                            <div class=\"\">\n                              <p><span style=\"font-weight: 400; font-size: 98%; font-family: &quot;Roboto Condensed&quot;; color: rgb(0, 0, 0);\">Contamos con una amplia trayectoria, en el dictado de cursos y talleres de capacitaci\u00f3n <\/span><span style=\"font-weight: 700; font-size: 98%; font-family: &quot;Roboto Condensed&quot;; color: rgb(121, 19, 24);\">dise\u00f1ados a la medida de las necesidades<\/span>\n                                <span\n                                  style=\"font-weight: 400; font-size: 98%; font-family: &quot;Roboto Condensed&quot;; color: rgb(0, 0, 0);\"> de cada cliente.<\/span>\n                              <\/p>\n                            <\/div>\n                          <\/div>\n                        <\/div>\n                      <\/div>\n                    <\/div>\n                  <\/div>\n                <\/div>\n                <div data-colibri-id=\"6270-c37\" class=\"h-x-container style-3987 style-local-6270-c37 position-relative h-element\">\n                  <!---->\n                  <div class=\"h-x-container-inner style-dynamic-6270-c37-group style-3987-spacing style-local-6270-c37-spacing\"><span class=\"h-button__outer style-3849-outer style-local-6270-c38-outer d-inline-flex h-element\"><a h-use-smooth-scroll=\"true\" href=\"https:\/\/Itapua.uy\/es\/index.php\/cursos-y-talleres\/\"  data-colibri-id=\"6270-c38\" class=\"d-flex w-100 align-items-center h-button justify-content-lg-center justify-content-md-center justify-content-center style-3849 style-local-6270-c38 position-relative\"><!----><!----> <span>LEER M\u00e1s<\/span><\/a>\n                    <\/span>\n                  <\/div>\n                <\/div>\n              <\/div>\n            <\/div>\n          <\/div>\n        <\/div>\n      <\/div>\n    <\/div>\n  <\/div>\n<\/div>","protected":false},"excerpt":{"rendered":"<p>Nuestros Servicios ADMINISTRACION DE BASES DE DATOS Administramos bases de datos de m\u00faltiples tecnolog\u00edas, tama\u00f1os y pa\u00edses, con atenci\u00f3n&nbsp;7x24x365 , potenciada mediante mantenimiento preventivo y monitoreo automatizado con Itap\u00faa DB Studio\ufeff\u00ae LEER M\u00e1s ANAL\u00cdTICA DE NEGOCIOS Conformamos equipos multidisciplinarios, \u00e1giles y altamente especializados que le ayudar\u00e1n a tercerizar sus procesos anal\u00edticos en forma r\u00e1pida y [&hellip;]<\/p>\n","protected":false},"author":5,"featured_media":0,"parent":0,"menu_order":0,"comment_status":"closed","ping_status":"closed","template":"page-templates\/full-width-page.php","meta":{"footnotes":""},"class_list":["post-6270","page","type-page","status-publish","hentry"],"_links":{"self":[{"href":"https:\/\/itapua.com.uy\/es\/index.php\/wp-json\/wp\/v2\/pages\/6270","targetHints":{"allow":["GET"]}}],"collection":[{"href":"https:\/\/itapua.com.uy\/es\/index.php\/wp-json\/wp\/v2\/pages"}],"about":[{"href":"https:\/\/itapua.com.uy\/es\/index.php\/wp-json\/wp\/v2\/types\/page"}],"author":[{"embeddable":true,"href":"https:\/\/itapua.com.uy\/es\/index.php\/wp-json\/wp\/v2\/users\/5"}],"replies":[{"embeddable":true,"href":"https:\/\/itapua.com.uy\/es\/index.php\/wp-json\/wp\/v2\/comments?post=6270"}],"version-history":[{"count":7,"href":"https:\/\/itapua.com.uy\/es\/index.php\/wp-json\/wp\/v2\/pages\/6270\/revisions"}],"predecessor-version":[{"id":9380,"href":"https:\/\/itapua.com.uy\/es\/index.php\/wp-json\/wp\/v2\/pages\/6270\/revisions\/9380"}],"wp:attachment":[{"href":"https:\/\/itapua.com.uy\/es\/index.php\/wp-json\/wp\/v2\/media?parent=6270"}],"curies":[{"name":"wp","href":"https:\/\/api.w.org\/{rel}","templated":true}]}}