{"id":4340,"date":"2021-03-16T13:04:31","date_gmt":"2021-03-16T16:04:31","guid":{"rendered":"https:\/\/Itapua.uy\/es\/?page_id=4340"},"modified":"2023-08-08T11:52:58","modified_gmt":"2023-08-08T14:52:58","slug":"itapua-dm-studio","status":"publish","type":"page","link":"https:\/\/itapua.com.uy\/es\/index.php\/itapua-dm-studio\/","title":{"rendered":"ITAP\u00daA DM STUDIO"},"content":{"rendered":"<div data-colibri-id=\"4340-c1\" class=\"style-2964 style-local-4340-c1 position-relative\">\n  <!---->\n  <div data-colibri-component=\"section\" data-colibri-id=\"4340-c2\" id=\"custom\" class=\"h-section h-section-global-spacing d-flex align-items-lg-center align-items-md-center align-items-center style-2965 style-local-4340-c2 position-relative\">\n    <!---->\n    <!---->\n    <div class=\"h-section-grid-container h-section-boxed-container\">\n      <!---->\n      <div data-colibri-id=\"4340-c3\" class=\"h-row-container gutters-row-lg-0 gutters-row-md-0 gutters-row-0 gutters-row-v-lg-0 gutters-row-v-md-0 gutters-row-v-0 style-2966 style-local-4340-c3 position-relative\">\n        <!---->\n        <div class=\"h-row justify-content-lg-center justify-content-md-center justify-content-center align-items-lg-stretch align-items-md-stretch align-items-stretch gutters-col-lg-0 gutters-col-md-0 gutters-col-0 gutters-col-v-lg-0 gutters-col-v-md-0 gutters-col-v-0\">\n          <!---->\n          <div class=\"h-column h-column-container d-flex h-col-lg-auto h-col-md-auto h-col-auto style-2967-outer style-local-4340-c4-outer\">\n            <div data-colibri-id=\"4340-c4\" class=\"d-flex h-flex-basis h-column__inner h-px-lg-1 h-px-md-1 h-px-1 v-inner-lg-1 v-inner-md-1 v-inner-1 style-2967 style-local-4340-c4 position-relative\">\n              <!---->\n              <!---->\n              <div class=\"w-100 h-y-container h-column__content h-column__v-align flex-basis-100 align-self-lg-center align-self-md-center align-self-center\">\n                <!---->\n                <div data-colibri-id=\"4340-c5\" class=\"d-block style-4269 style-local-4340-c5 position-relative h-element\">\n                  <!---->\n                  <div class=\"h-image__frame-container-outer\">\n                    <div class=\"h-image__frame-container\">\n                      <!---->\n                      <!---->\n                      <img loading=\"lazy\" decoding=\"async\" width=\"500\" height=\"500\" src=\"https:\/\/Itapua.uy\/es\/wp-content\/uploads\/2021\/03\/Cloud-sync.gif\" class=\"wp-image-6054 style-4269-image style-local-4340-c5-image\" alt=\"\" \/>\n                      <div class=\"h-image__frame h-hide-lg h-hide-md h-hide-sm style-4269-frameImage style-local-4340-c5-frameImage\"><\/div>\n                    <\/div>\n                  <\/div>\n                <\/div>\n              <\/div>\n            <\/div>\n          <\/div>\n          <div class=\"h-column h-column-container d-flex h-col-lg-auto h-col-md-auto h-col-auto style-2976-outer style-local-4340-c6-outer\">\n            <div data-colibri-id=\"4340-c6\" class=\"d-flex h-flex-basis h-column__inner h-px-lg-1 h-px-md-1 h-px-1 v-inner-lg-1 v-inner-md-1 v-inner-1 style-2976 style-local-4340-c6 position-relative\">\n              <!---->\n              <!---->\n              <div class=\"w-100 h-y-container h-column__content h-column__v-align flex-basis-100 align-self-lg-center align-self-md-center align-self-center\">\n                <!---->\n                <div data-colibri-id=\"4340-c7\" class=\"d-block style-4270 style-local-4340-c7 position-relative h-element\">\n                  <!---->\n                  <div class=\"h-image__frame-container-outer\">\n                    <div class=\"h-image__frame-container\">\n                      <!---->\n                      <!---->\n                      <img decoding=\"async\" src=\"https:\/\/Itapua.uy\/es\/wp-content\/uploads\/2021\/03\/Logo-DM-2-300x72.png\" class=\"style-4270-image style-local-4340-c7-image\">\n                      <div class=\"h-image__frame h-hide-lg h-hide-md h-hide-sm style-4270-frameImage style-local-4340-c7-frameImage\"><\/div>\n                    <\/div>\n                  <\/div>\n                <\/div>\n                <div data-colibri-id=\"4340-c8\" class=\"h-lead h-text h-text-component style-2977 style-local-4340-c8 position-relative h-element\">\n                  <!---->\n                  <!---->\n                  <div class=\"\">\n                    <p><strong style=\"color: rgb(121, 19, 24); font-family: &quot;Roboto Condensed&quot;; font-size: 92%;\">\ufeffItapua DM Studio<\/strong><strong style=\"color: rgb(121, 19, 24); font-family: &quot;Roboto Condensed&quot;; font-size: 92%; font-weight: 700;\">\u00ae<\/strong>\n                      <strong\n                        style=\"color: rgb(0, 0, 0); font-family: &quot;Roboto Condensed&quot;; font-size: 92%; font-weight: 400;\">&nbsp;<\/strong><strong style=\"color: rgb(0, 0, 0); font-family: &quot;Roboto Condensed&quot;; font-size: 92%;\">es una&nbsp;<\/strong><span style=\"color: rgb(0, 0, 0); font-family: &quot;Roboto Condensed&quot;; font-size: 92%; font-weight: 400;\">suite de componentes y buenas pr\u00e1cticas para la&nbsp;<\/span>\n                        <strong\n                          style=\"color: rgb(0, 0, 0); font-family: &quot;Roboto Condensed&quot;; font-size: 92%; font-weight: 700;\">migraci\u00f3n de objetos y datos&nbsp;<\/strong><span style=\"color: rgb(0, 0, 0); font-family: &quot;Roboto Condensed&quot;; font-size: 92%; font-weight: 400;\">entre bases de datos de diferentes tecnolog\u00edas.<\/span><strong style=\"color: rgb(0, 0, 0); font-family: &quot;Roboto Condensed&quot;; font-size: 92%; font-weight: 400;\"><br>Permite&nbsp;<\/strong>\n                          <strong\n                            style=\"color: rgb(0, 0, 0); font-family: &quot;Roboto Condensed&quot;; font-size: 92%; font-weight: 700;\">acelerar los tiempos y costos de migraci\u00f3n<\/strong><strong style=\"color: rgb(0, 0, 0); font-family: &quot;Roboto Condensed&quot;; font-size: 92%; font-weight: 400;\">, evitando muchos de los problemas habituales de este tipo de proyectos.<br>Est\u00e1 desarrollada utilizando&nbsp;<\/strong>\n                            <strong\n                              style=\"color: rgb(121, 19, 24); font-family: &quot;Roboto Condensed&quot;; font-size: 92%; font-weight: 700;\">Itap\u00faa Data Framework\u00ae<\/strong><strong style=\"color: rgb(0, 0, 0); font-family: &quot;Roboto Condensed&quot;; font-size: 92%; font-weight: 400;\">&nbsp;sobre&nbsp;<\/strong><strong style=\"color: rgb(0, 0, 0); font-family: &quot;Roboto Condensed&quot;; font-size: 92%; font-weight: 700;\">PDI (Pentaho Data Integration)&nbsp;<\/strong>\n                              <strong\n                                style=\"color: rgb(0, 0, 0); font-family: &quot;Roboto Condensed&quot;; font-size: 92%; font-weight: 400;\">y lenguaje&nbsp;<\/strong><strong style=\"color: rgb(0, 0, 0); font-family: &quot;Roboto Condensed&quot;; font-size: 92%; font-weight: 700;\">Python<\/strong><strong style=\"color: rgb(0, 0, 0); font-family: &quot;Roboto Condensed&quot;; font-size: 92%; font-weight: 400;\"> y condensa la experiencia recopilada por<\/strong>\n                                <strong\n                                  style=\"color: rgb(0, 0, 0); font-family: &quot;Roboto Condensed&quot;; font-size: 92%; font-weight: 700;\">&nbsp;<\/strong><strong style=\"color: rgb(121, 19, 24); font-family: &quot;Roboto Condensed&quot;; font-size: 92%; font-weight: 700;\">Itap\u00faa Consultores<\/strong><strong style=\"color: rgb(0, 0, 0); font-family: &quot;Roboto Condensed&quot;; font-size: 92%; font-weight: 400;\"> a lo largo de varios procesos de migraci\u00f3n.<\/strong>\n                                  <br>\n                    <\/p>\n                  <\/div>\n                <\/div>\n              <\/div>\n            <\/div>\n          <\/div>\n        <\/div>\n      <\/div>\n      <div data-colibri-id=\"4340-c9\" class=\"h-row-container gutters-row-lg-2 gutters-row-md-2 gutters-row-0 gutters-row-v-lg-2 gutters-row-v-md-2 gutters-row-v-2 style-2978 style-local-4340-c9 position-relative\">\n        <!---->\n        <div class=\"h-row justify-content-lg-center justify-content-md-center justify-content-center align-items-lg-stretch align-items-md-stretch align-items-stretch gutters-col-lg-2 gutters-col-md-2 gutters-col-0 gutters-col-v-lg-2 gutters-col-v-md-2 gutters-col-v-2\">\n          <!---->\n          <div class=\"h-column h-column-container d-flex h-col-lg-auto h-col-md-auto h-col-auto style-2979-outer style-local-4340-c10-outer\">\n            <div data-colibri-id=\"4340-c10\" class=\"d-flex h-flex-basis h-column__inner h-px-lg-2 h-px-md-2 h-px-2 v-inner-lg-2 v-inner-md-2 v-inner-2 style-2979 style-local-4340-c10 position-relative\">\n              <!---->\n              <!---->\n              <div class=\"w-100 h-y-container h-column__content h-column__v-align flex-basis-100 align-self-lg-start align-self-md-start align-self-start\">\n                <!---->\n                <div data-colibri-id=\"4340-c11\" class=\"h-x-container style-2980 style-local-4340-c11 position-relative h-element\">\n                  <!---->\n                  <div class=\"h-x-container-inner style-dynamic-4340-c11-group style-2980-spacing style-local-4340-c11-spacing\"><span class=\"h-button__outer style-3849-outer style-local-4340-c12-outer d-inline-flex h-element\"><a h-use-smooth-scroll=\"true\" href=\"https:\/\/Itapua.uy\/es\/index.php\/contacto\/\"  data-colibri-id=\"4340-c12\" class=\"d-flex w-100 align-items-center h-button justify-content-lg-center justify-content-md-center justify-content-center style-3849 style-local-4340-c12 position-relative\"><!----><!----> <span>Contacta con nosotros <\/span><\/a>\n                    <\/span>\n                  <\/div>\n                <\/div>\n              <\/div>\n            <\/div>\n          <\/div>\n        <\/div>\n      <\/div>\n    <\/div>\n  <\/div>\n<\/div>","protected":false},"excerpt":{"rendered":"<p>\ufeffItapua DM Studio\u00ae &nbsp;es una&nbsp;suite de componentes y buenas pr\u00e1cticas para la&nbsp; migraci\u00f3n de objetos y datos&nbsp;entre bases de datos de diferentes tecnolog\u00edas.Permite&nbsp; acelerar los tiempos y costos de migraci\u00f3n, evitando muchos de los problemas habituales de este tipo de proyectos.Est\u00e1 desarrollada utilizando&nbsp; Itap\u00faa Data Framework\u00ae&nbsp;sobre&nbsp;PDI (Pentaho Data Integration)&nbsp; y lenguaje&nbsp;Python y condensa la experiencia [&hellip;]<\/p>\n","protected":false},"author":1,"featured_media":0,"parent":0,"menu_order":0,"comment_status":"closed","ping_status":"closed","template":"page-templates\/full-width-page.php","meta":{"footnotes":""},"class_list":["post-4340","page","type-page","status-publish","hentry"],"_links":{"self":[{"href":"https:\/\/itapua.com.uy\/es\/index.php\/wp-json\/wp\/v2\/pages\/4340","targetHints":{"allow":["GET"]}}],"collection":[{"href":"https:\/\/itapua.com.uy\/es\/index.php\/wp-json\/wp\/v2\/pages"}],"about":[{"href":"https:\/\/itapua.com.uy\/es\/index.php\/wp-json\/wp\/v2\/types\/page"}],"author":[{"embeddable":true,"href":"https:\/\/itapua.com.uy\/es\/index.php\/wp-json\/wp\/v2\/users\/1"}],"replies":[{"embeddable":true,"href":"https:\/\/itapua.com.uy\/es\/index.php\/wp-json\/wp\/v2\/comments?post=4340"}],"version-history":[{"count":8,"href":"https:\/\/itapua.com.uy\/es\/index.php\/wp-json\/wp\/v2\/pages\/4340\/revisions"}],"predecessor-version":[{"id":12583,"href":"https:\/\/itapua.com.uy\/es\/index.php\/wp-json\/wp\/v2\/pages\/4340\/revisions\/12583"}],"wp:attachment":[{"href":"https:\/\/itapua.com.uy\/es\/index.php\/wp-json\/wp\/v2\/media?parent=4340"}],"curies":[{"name":"wp","href":"https:\/\/api.w.org\/{rel}","templated":true}]}}