{"id":4337,"date":"2021-03-16T13:03:20","date_gmt":"2021-03-16T16:03:20","guid":{"rendered":"https:\/\/Itapua.uy\/es\/?page_id=4337"},"modified":"2023-08-08T11:50:20","modified_gmt":"2023-08-08T14:50:20","slug":"itapua-db-studio","status":"publish","type":"page","link":"https:\/\/itapua.com.uy\/es\/index.php\/itapua-db-studio\/","title":{"rendered":"ITAP\u00daA DB STUDIO"},"content":{"rendered":"<div data-colibri-id=\"4337-c1\" class=\"style-2925 style-local-4337-c1 position-relative\">\r\n  <!---->\r\n  <div data-colibri-component=\"section\" data-colibri-id=\"4337-c2\" id=\"custom\" class=\"h-section h-section-global-spacing d-flex align-items-lg-center align-items-md-center align-items-center style-2926 style-local-4337-c2 position-relative\">\r\n    <!---->\r\n    <!---->\r\n    <div class=\"h-section-grid-container h-section-boxed-container\">\r\n      <!---->\r\n      <div data-colibri-id=\"4337-c3\" class=\"h-row-container gutters-row-lg-0 gutters-row-md-0 gutters-row-0 gutters-row-v-lg-0 gutters-row-v-md-0 gutters-row-v-0 style-2927 style-local-4337-c3 position-relative\">\r\n        <!---->\r\n        <div class=\"h-row justify-content-lg-center justify-content-md-center justify-content-center align-items-lg-stretch align-items-md-stretch align-items-stretch gutters-col-lg-0 gutters-col-md-0 gutters-col-0 gutters-col-v-lg-0 gutters-col-v-md-0 gutters-col-v-0\">\r\n          <!---->\r\n          <div class=\"h-column h-column-container d-flex h-col-lg-auto h-col-md-auto h-col-auto style-2928-outer style-local-4337-c4-outer\">\r\n            <div data-colibri-id=\"4337-c4\" class=\"d-flex h-flex-basis h-column__inner h-px-lg-1 h-px-md-1 h-px-1 v-inner-lg-1 v-inner-md-1 v-inner-1 style-2928 style-local-4337-c4 position-relative\">\r\n              <!---->\r\n              <!---->\r\n              <div class=\"w-100 h-y-container h-column__content h-column__v-align flex-basis-100 align-self-lg-center align-self-md-center align-self-center\">\r\n                <!---->\r\n                <div data-colibri-id=\"4337-c5\" class=\"d-block style-4268 style-local-4337-c5 position-relative h-element\">\r\n                  <!---->\r\n                  <div class=\"h-image__frame-container-outer\">\r\n                    <div class=\"h-image__frame-container\">\r\n                      <!---->\r\n                      <!---->\r\n                      <img loading=\"lazy\" decoding=\"async\" width=\"500\" height=\"500\" src=\"https:\/\/Itapua.uy\/es\/wp-content\/uploads\/2021\/03\/Operating-system.gif\" class=\"wp-image-6038 style-4268-image style-local-4337-c5-image\" alt=\"\" \/>\r\n                      <div class=\"h-image__frame h-hide-lg h-hide-md h-hide-sm style-4268-frameImage style-local-4337-c5-frameImage\"><\/div>\r\n                    <\/div>\r\n                  <\/div>\r\n                <\/div>\r\n              <\/div>\r\n            <\/div>\r\n          <\/div>\r\n          <div class=\"h-column h-column-container d-flex h-col-lg-auto h-col-md-auto h-col-auto style-2937-outer style-local-4337-c6-outer\">\r\n            <div data-colibri-id=\"4337-c6\" class=\"d-flex h-flex-basis h-column__inner h-px-lg-1 h-px-md-1 h-px-1 v-inner-lg-1 v-inner-md-1 v-inner-1 style-2937 style-local-4337-c6 position-relative\">\r\n              <!---->\r\n              <!---->\r\n              <div class=\"w-100 h-y-container h-column__content h-column__v-align flex-basis-100 align-self-lg-center align-self-md-center align-self-center\">\r\n                <!---->\r\n                <div data-colibri-id=\"4337-c7\" class=\"d-block style-4267 style-local-4337-c7 position-relative h-element\">\r\n                  <!---->\r\n                  <div class=\"h-image__frame-container-outer\">\r\n                    <div class=\"h-image__frame-container\">\r\n                      <!---->\r\n                      <!---->\r\n                      <img decoding=\"async\" src=\"https:\/\/Itapua.uy\/es\/wp-content\/uploads\/2021\/03\/Logo-DB-1-300x69.png\" class=\"style-4267-image style-local-4337-c7-image\">\r\n                      <div class=\"h-image__frame h-hide-lg h-hide-md h-hide-sm style-4267-frameImage style-local-4337-c7-frameImage\"><\/div>\r\n                    <\/div>\r\n                  <\/div>\r\n                <\/div>\r\n                <div data-colibri-id=\"4337-c8\" class=\"h-lead h-text h-text-component style-2938 style-local-4337-c8 position-relative h-element\">\r\n                  <!---->\r\n                  <!---->\r\n                  <div class=\"\">\r\n                    <p><strong style=\"font-family: &quot;Roboto Condensed&quot;; color: rgb(121, 19, 24); font-size: 92%; font-weight: 700;\">Itap\u00faa DB Studio<\/strong><strong style=\"color: rgb(121, 19, 24); font-size: 92%; font-weight: 700;\">\u00ae<\/strong>\r\n                      <span\r\n                        style=\"color: rgb(0, 0, 0); font-size: 92%; font-weight: 400; font-family: &quot;Roboto Condensed&quot;;\"> es una suite dedicada a&nbsp;<\/span><strong style=\"color: rgb(0, 0, 0); font-size: 92%; font-weight: 700; font-family: &quot;Roboto Condensed&quot;;\">automatizar la ejecuci\u00f3n de tareas de mantenimiento y monitoreo de bases de datos en forma estandarizada<\/strong>\r\n                        <span\r\n                          style=\"color: rgb(0, 0, 0); font-size: 92%; font-weight: 400; font-family: &quot;Roboto Condensed&quot;;\">&nbsp;sobre diferentes plataformas y tecnolog\u00edas.\r\n                          <br>\r\n                          <br>A trav\u00e9s de la recopilaci\u00f3n de componentes y buenas pr\u00e1cticas, sintetiza la experiencia acumulada por&nbsp;<\/span><strong style=\"font-family: &quot;Roboto Condensed&quot;; color: rgb(121, 19, 24); font-size: 92%; font-weight: 700;\">Itap\u00faa Consultores&nbsp;<\/strong>\r\n                          <span\r\n                            style=\"font-family: &quot;Roboto Condensed&quot;; color: rgb(0, 0, 0); font-size: 92%; font-weight: 400;\">a lo largo del tiempo.\r\n                            <br>\r\n                            <br>Est\u00e1 desarrollada sobre lenguaje&nbsp;<\/span><strong style=\"color: rgb(0, 0, 0); font-weight: 700; font-family: &quot;Roboto Condensed&quot;; font-size: 92%;\">Python&nbsp;<\/strong><span style=\"color: rgb(0, 0, 0); font-weight: 400; font-family: &quot;Roboto Condensed&quot;; font-size: 21.5516px;\">e incluye componentes desarrolladas en SQL para los diferentes motores, y shell scripts para los diferentes sistemas operativos.<\/span><\/p>\r\n                  <\/div>\r\n                <\/div>\r\n              <\/div>\r\n            <\/div>\r\n          <\/div>\r\n        <\/div>\r\n      <\/div>\r\n      <div data-colibri-id=\"4337-c9\" class=\"h-row-container gutters-row-lg-2 gutters-row-md-2 gutters-row-0 gutters-row-v-lg-2 gutters-row-v-md-2 gutters-row-v-2 style-4265 style-local-4337-c9 position-relative\">\r\n        <!---->\r\n        <div class=\"h-row justify-content-lg-center justify-content-md-center justify-content-center align-items-lg-stretch align-items-md-stretch align-items-stretch gutters-col-lg-2 gutters-col-md-2 gutters-col-0 gutters-col-v-lg-2 gutters-col-v-md-2 gutters-col-v-2\">\r\n          <!---->\r\n          <div class=\"h-column h-column-container d-flex h-col-lg-auto h-col-md-auto h-col-auto style-4266-outer style-local-4337-c10-outer\">\r\n            <div data-colibri-id=\"4337-c10\" class=\"d-flex h-flex-basis h-column__inner h-px-lg-2 h-px-md-2 h-px-2 v-inner-lg-2 v-inner-md-2 v-inner-2 style-4266 style-local-4337-c10 position-relative\">\r\n              <!---->\r\n              <!---->\r\n              <div class=\"w-100 h-y-container h-column__content h-column__v-align flex-basis-100 align-self-lg-start align-self-md-start align-self-start\">\r\n                <!---->\r\n                <div data-colibri-id=\"4337-c11\" class=\"h-x-container style-2941 style-local-4337-c11 position-relative h-element\">\r\n                  <!---->\r\n                  <div class=\"h-x-container-inner style-dynamic-4337-c11-group style-2941-spacing style-local-4337-c11-spacing\"><span class=\"h-button__outer style-3849-outer style-local-4337-c12-outer d-inline-flex h-element\"><a h-use-smooth-scroll=\"true\" href=\"https:\/\/Itapua.uy\/es\/index.php\/contacto\/\"  data-colibri-id=\"4337-c12\" class=\"d-flex w-100 align-items-center h-button justify-content-lg-center justify-content-md-center justify-content-center style-3849 style-local-4337-c12 position-relative\"><!----><!----> <span>Contacta con nosotros <\/span><\/a>\r\n                    <\/span>\r\n                  <\/div>\r\n                <\/div>\r\n              <\/div>\r\n            <\/div>\r\n          <\/div>\r\n        <\/div>\r\n      <\/div>\r\n    <\/div>\r\n  <\/div>\r\n<\/div>","protected":false},"excerpt":{"rendered":"<p>Itap\u00faa DB Studio\u00ae es una suite dedicada a&nbsp;automatizar la ejecuci\u00f3n de tareas de mantenimiento y monitoreo de bases de datos en forma estandarizada &nbsp;sobre diferentes plataformas y tecnolog\u00edas. A trav\u00e9s de la recopilaci\u00f3n de componentes y buenas pr\u00e1cticas, sintetiza la experiencia acumulada por&nbsp;Itap\u00faa Consultores&nbsp; a lo largo del tiempo. Est\u00e1 desarrollada sobre lenguaje&nbsp;Python&nbsp;e incluye componentes [&hellip;]<\/p>\n","protected":false},"author":1,"featured_media":0,"parent":0,"menu_order":0,"comment_status":"closed","ping_status":"closed","template":"page-templates\/full-width-page.php","meta":{"footnotes":""},"class_list":["post-4337","page","type-page","status-publish","hentry"],"_links":{"self":[{"href":"https:\/\/itapua.com.uy\/es\/index.php\/wp-json\/wp\/v2\/pages\/4337","targetHints":{"allow":["GET"]}}],"collection":[{"href":"https:\/\/itapua.com.uy\/es\/index.php\/wp-json\/wp\/v2\/pages"}],"about":[{"href":"https:\/\/itapua.com.uy\/es\/index.php\/wp-json\/wp\/v2\/types\/page"}],"author":[{"embeddable":true,"href":"https:\/\/itapua.com.uy\/es\/index.php\/wp-json\/wp\/v2\/users\/1"}],"replies":[{"embeddable":true,"href":"https:\/\/itapua.com.uy\/es\/index.php\/wp-json\/wp\/v2\/comments?post=4337"}],"version-history":[{"count":11,"href":"https:\/\/itapua.com.uy\/es\/index.php\/wp-json\/wp\/v2\/pages\/4337\/revisions"}],"predecessor-version":[{"id":9394,"href":"https:\/\/itapua.com.uy\/es\/index.php\/wp-json\/wp\/v2\/pages\/4337\/revisions\/9394"}],"wp:attachment":[{"href":"https:\/\/itapua.com.uy\/es\/index.php\/wp-json\/wp\/v2\/media?parent=4337"}],"curies":[{"name":"wp","href":"https:\/\/api.w.org\/{rel}","templated":true}]}}